{"id":7,"date":"2023-01-02T15:09:30","date_gmt":"2023-01-02T15:09:30","guid":{"rendered":"https:\/\/freizeitradar.de\/blog\/?page_id=7"},"modified":"2023-01-02T15:09:30","modified_gmt":"2023-01-02T15:09:30","slug":"impressum","status":"publish","type":"page","link":"https:\/\/freizeitradar.de\/blog\/impressum\/","title":{"rendered":"Impressum"},"content":{"rendered":"<div id=\"ez-toc-container\" class=\"ez-toc-v2_0_82_2 counter-hierarchy ez-toc-counter ez-toc-light-blue ez-toc-container-direction\">\n<div class=\"ez-toc-title-container\">\n<p class=\"ez-toc-title\" style=\"cursor:inherit\">Inhaltsverzeichnis<\/p>\n<span class=\"ez-toc-title-toggle\"><a href=\"#\" class=\"ez-toc-pull-right ez-toc-btn ez-toc-btn-xs ez-toc-btn-default ez-toc-toggle\" aria-label=\"Toggle Table of Content\"><span class=\"ez-toc-js-icon-con\"><span class=\"\"><span class=\"eztoc-hide\" style=\"display:none;\">Toggle<\/span><span class=\"ez-toc-icon-toggle-span\"><svg style=\"fill: #999;color:#999\" xmlns=\"http:\/\/www.w3.org\/2000\/svg\" class=\"list-377408\" width=\"20px\" height=\"20px\" viewBox=\"0 0 24 24\" fill=\"none\"><path d=\"M6 6H4v2h2V6zm14 0H8v2h12V6zM4 11h2v2H4v-2zm16 0H8v2h12v-2zM4 16h2v2H4v-2zm16 0H8v2h12v-2z\" fill=\"currentColor\"><\/path><\/svg><svg style=\"fill: #999;color:#999\" class=\"arrow-unsorted-368013\" xmlns=\"http:\/\/www.w3.org\/2000\/svg\" width=\"10px\" height=\"10px\" viewBox=\"0 0 24 24\" version=\"1.2\" baseProfile=\"tiny\"><path d=\"M18.2 9.3l-6.2-6.3-6.2 6.3c-.2.2-.3.4-.3.7s.1.5.3.7c.2.2.4.3.7.3h11c.3 0 .5-.1.7-.3.2-.2.3-.5.3-.7s-.1-.5-.3-.7zM5.8 14.7l6.2 6.3 6.2-6.3c.2-.2.3-.5.3-.7s-.1-.5-.3-.7c-.2-.2-.4-.3-.7-.3h-11c-.3 0-.5.1-.7.3-.2.2-.3.5-.3.7s.1.5.3.7z\"\/><\/svg><\/span><\/span><\/span><\/a><\/span><\/div>\n<nav><ul class='ez-toc-list ez-toc-list-level-1 ' ><li class='ez-toc-page-1 ez-toc-heading-level-1'><a class=\"ez-toc-link ez-toc-heading-1\" href=\"https:\/\/freizeitradar.de\/blog\/impressum\/#Angaben_gemaess_%C2%A7_5_TMG\" >Angaben gem\u00e4\u00df \u00a7 5 TMG:<\/a><ul class='ez-toc-list-level-2' ><li class='ez-toc-heading-level-2'><a class=\"ez-toc-link ez-toc-heading-2\" href=\"https:\/\/freizeitradar.de\/blog\/impressum\/#Verantwortlich_fuer_den_Inhalt_nach_%C2%A7_55_Abs_2_RStV\" >Verantwortlich f\u00fcr den Inhalt nach \u00a7 55 Abs. 2 RStV:<\/a><\/li><li class='ez-toc-page-1 ez-toc-heading-level-2'><a class=\"ez-toc-link ez-toc-heading-3\" href=\"https:\/\/freizeitradar.de\/blog\/impressum\/#Quellenangaben_fuer_verwendete_Bilder_und_Grafiken\" >Quellenangaben f\u00fcr verwendete Bilder und Grafiken:<\/a><\/li><\/ul><\/li><li class='ez-toc-page-1 ez-toc-heading-level-1'><a class=\"ez-toc-link ez-toc-heading-4\" href=\"https:\/\/freizeitradar.de\/blog\/impressum\/#Haftungsausschluss_Disclaimer\" >Haftungsausschluss (Disclaimer)<\/a><\/li><\/ul><\/nav><\/div>\n<h1><span class=\"ez-toc-section\" id=\"Angaben_gemaess_%C2%A7_5_TMG\"><\/span>Angaben gem\u00e4\u00df \u00a7 5 TMG:<span class=\"ez-toc-section-end\"><\/span><\/h1>\n<p>Patric Herweh<\/p>\n<p>H\u00f6lderlinstr. 14<\/p>\n<p>69221 Heidelberg-Dossenheim<\/p>\n<p>Kontakt:<\/p>\n<p>E-Mail: impressum (ahtt) tekweb.de<\/p>\n<p>Telefon:\u00a006221 \/ 6739867<\/p>\n<h2><span class=\"ez-toc-section\" id=\"Verantwortlich_fuer_den_Inhalt_nach_%C2%A7_55_Abs_2_RStV\"><\/span>Verantwortlich f\u00fcr den Inhalt nach \u00a7 55 Abs. 2 RStV:<span class=\"ez-toc-section-end\"><\/span><\/h2>\n<div class=\"adr\">\n<p>Patric Herweh<\/p>\n<p>H\u00f6lderlinstr. 14<\/p>\n<p>69221 Heidelberg-Dossenheim<\/p>\n<\/div>\n<h2><span class=\"ez-toc-section\" id=\"Quellenangaben_fuer_verwendete_Bilder_und_Grafiken\"><\/span>Quellenangaben f\u00fcr verwendete Bilder und Grafiken:<span class=\"ez-toc-section-end\"><\/span><\/h2>\n<p><span class=\"st\">\u00a9 <\/span>amazon.de, <span class=\"st\">\u00a9 <\/span>pixabay.com<\/p>\n<h1><span class=\"ez-toc-section\" id=\"Haftungsausschluss_Disclaimer\"><\/span>Haftungsausschluss (Disclaimer)<span class=\"ez-toc-section-end\"><\/span><\/h1>\n<p><strong>Haftung f\u00fcr Inhalte<\/strong><\/p>\n<p>Als Diensteanbieter sind wir gem\u00e4\u00df \u00a7 7 Abs.1 TMG f\u00fcr eigene Inhalte auf diesen Seiten nach den allgemeinen Gesetzen verantwortlich. Nach \u00a7\u00a7 8 bis 10 TMG sind wir als Diensteanbieter jedoch nicht verpflichtet, \u00fcbermittelte oder gespeicherte fremde Informationen zu \u00fcberwachen oder nach Umst\u00e4nden zu forschen, die auf eine rechtswidrige T\u00e4tigkeit hinweisen. Verpflichtungen zur Entfernung oder Sperrung der Nutzung von Informationen nach den allgemeinen Gesetzen bleiben hiervon unber\u00fchrt. Eine diesbez\u00fcgliche Haftung ist jedoch erst ab dem Zeitpunkt der Kenntnis einer konkreten Rechtsverletzung m\u00f6glich. Bei Bekanntwerden von entsprechenden Rechtsverletzungen werden wir diese Inhalte umgehend entfernen.<\/p>\n<p><strong>Haftung f\u00fcr Links<\/strong><\/p>\n<p>Unser Angebot enth\u00e4lt Links zu externen Webseiten Dritter, auf deren Inhalte wir keinen Einfluss haben. Deshalb k\u00f6nnen wir f\u00fcr diese fremden Inhalte auch keine Gew\u00e4hr \u00fcbernehmen. F\u00fcr die Inhalte der verlinkten Seiten ist stets der jeweilige Anbieter oder Betreiber der Seiten verantwortlich. Die verlinkten Seiten wurden zum Zeitpunkt der Verlinkung auf m\u00f6gliche Rechtsverst\u00f6\u00dfe \u00fcberpr\u00fcft. Rechtswidrige Inhalte waren zum Zeitpunkt der Verlinkung nicht erkennbar. Eine permanente inhaltliche Kontrolle der verlinkten Seiten ist jedoch ohne konkrete Anhaltspunkte einer Rechtsverletzung nicht zumutbar. Bei Bekanntwerden von Rechtsverletzungen werden wir derartige Links umgehend entfernen.<\/p>\n<p><strong>Urheberrecht<\/strong><\/p>\n<p>Die durch die Seitenbetreiber erstellten Inhalte und Werke auf diesen Seiten unterliegen dem deutschen Urheberrecht. Die Vervielf\u00e4ltigung, Bearbeitung, Verbreitung und jede Art der Verwertung au\u00dferhalb der Grenzen des Urheberrechtes bed\u00fcrfen der schriftlichen Zustimmung des jeweiligen Autors bzw. Erstellers. Downloads und Kopien dieser Seite sind nur f\u00fcr den privaten, nicht kommerziellen Gebrauch gestattet. Soweit die Inhalte auf dieser Seite nicht vom Betreiber erstellt wurden, werden die Urheberrechte Dritter beachtet. Insbesondere werden Inhalte Dritter als solche gekennzeichnet. Sollten Sie trotzdem auf eine Urheberrechtsverletzung aufmerksam werden, bitten wir um einen entsprechenden Hinweis. Bei Bekanntwerden von Rechtsverletzungen werden wir derartige Inhalte umgehend entfernen.<\/p>\n<p>Quelle: <a href=\"http:\/\/www.e-recht24.de\/\" rel=\"nofollow\"><u>http:\/\/www.e-recht24.de<\/u><\/a><\/p>\n","protected":false},"excerpt":{"rendered":"<p>Angaben gem\u00e4\u00df \u00a7 5 TMG: Patric Herweh H\u00f6lderlinstr. 14 69221 Heidelberg-Dossenheim Kontakt: E-Mail: impressum (ahtt) tekweb.de Telefon:\u00a006221 \/ 6739867 Verantwortlich f\u00fcr den Inhalt nach \u00a7 55 Abs. 2 RStV: Patric Herweh H\u00f6lderlinstr. 14 69221 Heidelberg-Dossenheim Quellenangaben f\u00fcr verwendete Bilder und Grafiken: \u00a9 amazon.de, \u00a9 pixabay.com Haftungsausschluss (Disclaimer) Haftung f\u00fcr Inhalte Als Diensteanbieter sind wir gem\u00e4\u00df &hellip;<\/p>\n<p class=\"read-more\"> <a class=\"\" href=\"https:\/\/freizeitradar.de\/blog\/impressum\/\"> <span class=\"screen-reader-text\">Impressum<\/span> Weiterlesen &raquo;<\/a><\/p>\n","protected":false},"author":1,"featured_media":0,"parent":0,"menu_order":0,"comment_status":"closed","ping_status":"closed","template":"","meta":{"_yoast_wpseo_focuskw":"","_yoast_wpseo_title":"","_yoast_wpseo_metadesc":"","ilj_linkdefinition":[],"rank_math_focus_keyword":"","rank_math_description":"","rank_math_title":"","site-sidebar-layout":"default","site-content-layout":"default","ast-global-header-display":"","ast-main-header-display":"","ast-hfb-above-header-display":"","ast-hfb-below-header-display":"","ast-hfb-mobile-header-display":"","site-post-title":"","ast-breadcrumbs-content":"","ast-featured-img":"","footer-sml-layout":"","theme-transparent-header-meta":"","adv-header-id-meta":"","stick-header-meta":"","header-above-stick-meta":"","header-main-stick-meta":"","header-below-stick-meta":"","footnotes":""},"class_list":["post-7","page","type-page","status-publish","hentry"],"yoast_head":"<!-- This site is optimized with the Yoast SEO plugin v27.4 - https:\/\/yoast.com\/product\/yoast-seo-wordpress\/ -->\n<title>Impressum - Freizeitradar Blog<\/title>\n<meta name=\"robots\" content=\"noindex, follow\" \/>\n<meta property=\"og:locale\" content=\"de_DE\" \/>\n<meta property=\"og:type\" content=\"article\" \/>\n<meta property=\"og:title\" content=\"Impressum - Freizeitradar Blog\" \/>\n<meta property=\"og:description\" content=\"Angaben gem\u00e4\u00df \u00a7 5 TMG: Patric Herweh H\u00f6lderlinstr. 14 69221 Heidelberg-Dossenheim Kontakt: E-Mail: impressum (ahtt) tekweb.de Telefon:\u00a006221 \/ 6739867 Verantwortlich f\u00fcr den Inhalt nach \u00a7 55 Abs. 2 RStV: Patric Herweh H\u00f6lderlinstr. 14 69221 Heidelberg-Dossenheim Quellenangaben f\u00fcr verwendete Bilder und Grafiken: \u00a9 amazon.de, \u00a9 pixabay.com Haftungsausschluss (Disclaimer) Haftung f\u00fcr Inhalte Als Diensteanbieter sind wir gem\u00e4\u00df &hellip; Impressum Weiterlesen &raquo;\" \/>\n<meta property=\"og:url\" content=\"https:\/\/freizeitradar.de\/blog\/impressum\/\" \/>\n<meta property=\"og:site_name\" content=\"Freizeitradar Blog\" \/>\n<meta name=\"twitter:card\" content=\"summary_large_image\" \/>\n<meta name=\"twitter:label1\" content=\"Gesch\u00e4tzte Lesezeit\" \/>\n\t<meta name=\"twitter:data1\" content=\"2\u00a0Minuten\" \/>\n<script type=\"application\/ld+json\" class=\"yoast-schema-graph\">{\"@context\":\"https:\\\/\\\/schema.org\",\"@graph\":[{\"@type\":\"WebPage\",\"@id\":\"https:\\\/\\\/freizeitradar.de\\\/blog\\\/impressum\\\/\",\"url\":\"https:\\\/\\\/freizeitradar.de\\\/blog\\\/impressum\\\/\",\"name\":\"Impressum - Freizeitradar Blog\",\"isPartOf\":{\"@id\":\"https:\\\/\\\/freizeitradar.de\\\/blog\\\/#website\"},\"datePublished\":\"2023-01-02T15:09:30+00:00\",\"breadcrumb\":{\"@id\":\"https:\\\/\\\/freizeitradar.de\\\/blog\\\/impressum\\\/#breadcrumb\"},\"inLanguage\":\"de\",\"potentialAction\":[{\"@type\":\"ReadAction\",\"target\":[\"https:\\\/\\\/freizeitradar.de\\\/blog\\\/impressum\\\/\"]}]},{\"@type\":\"BreadcrumbList\",\"@id\":\"https:\\\/\\\/freizeitradar.de\\\/blog\\\/impressum\\\/#breadcrumb\",\"itemListElement\":[{\"@type\":\"ListItem\",\"position\":1,\"name\":\"Startseite\",\"item\":\"https:\\\/\\\/freizeitradar.de\\\/blog\\\/\"},{\"@type\":\"ListItem\",\"position\":2,\"name\":\"Impressum\"}]},{\"@type\":\"WebSite\",\"@id\":\"https:\\\/\\\/freizeitradar.de\\\/blog\\\/#website\",\"url\":\"https:\\\/\\\/freizeitradar.de\\\/blog\\\/\",\"name\":\"Freizeitradar Blog\",\"description\":\"\",\"publisher\":{\"@id\":\"https:\\\/\\\/freizeitradar.de\\\/blog\\\/#organization\"},\"potentialAction\":[{\"@type\":\"SearchAction\",\"target\":{\"@type\":\"EntryPoint\",\"urlTemplate\":\"https:\\\/\\\/freizeitradar.de\\\/blog\\\/?s={search_term_string}\"},\"query-input\":{\"@type\":\"PropertyValueSpecification\",\"valueRequired\":true,\"valueName\":\"search_term_string\"}}],\"inLanguage\":\"de\"},{\"@type\":\"Organization\",\"@id\":\"https:\\\/\\\/freizeitradar.de\\\/blog\\\/#organization\",\"name\":\"Freizeitradar Blog\",\"url\":\"https:\\\/\\\/freizeitradar.de\\\/blog\\\/\",\"logo\":{\"@type\":\"ImageObject\",\"inLanguage\":\"de\",\"@id\":\"https:\\\/\\\/freizeitradar.de\\\/blog\\\/#\\\/schema\\\/logo\\\/image\\\/\",\"url\":\"https:\\\/\\\/freizeitradar.de\\\/blog\\\/wp-content\\\/uploads\\\/2023\\\/01\\\/flight-gb8061d846_640.png\",\"contentUrl\":\"https:\\\/\\\/freizeitradar.de\\\/blog\\\/wp-content\\\/uploads\\\/2023\\\/01\\\/flight-gb8061d846_640.png\",\"width\":450,\"height\":640,\"caption\":\"Freizeitradar Blog\"},\"image\":{\"@id\":\"https:\\\/\\\/freizeitradar.de\\\/blog\\\/#\\\/schema\\\/logo\\\/image\\\/\"}}]}<\/script>\n<!-- \/ Yoast SEO plugin. -->","yoast_head_json":{"title":"Impressum - Freizeitradar Blog","robots":{"index":"noindex","follow":"follow"},"og_locale":"de_DE","og_type":"article","og_title":"Impressum - Freizeitradar Blog","og_description":"Angaben gem\u00e4\u00df \u00a7 5 TMG: Patric Herweh H\u00f6lderlinstr. 14 69221 Heidelberg-Dossenheim Kontakt: E-Mail: impressum (ahtt) tekweb.de Telefon:\u00a006221 \/ 6739867 Verantwortlich f\u00fcr den Inhalt nach \u00a7 55 Abs. 2 RStV: Patric Herweh H\u00f6lderlinstr. 14 69221 Heidelberg-Dossenheim Quellenangaben f\u00fcr verwendete Bilder und Grafiken: \u00a9 amazon.de, \u00a9 pixabay.com Haftungsausschluss (Disclaimer) Haftung f\u00fcr Inhalte Als Diensteanbieter sind wir gem\u00e4\u00df &hellip; Impressum Weiterlesen &raquo;","og_url":"https:\/\/freizeitradar.de\/blog\/impressum\/","og_site_name":"Freizeitradar Blog","twitter_card":"summary_large_image","twitter_misc":{"Gesch\u00e4tzte Lesezeit":"2\u00a0Minuten"},"schema":{"@context":"https:\/\/schema.org","@graph":[{"@type":"WebPage","@id":"https:\/\/freizeitradar.de\/blog\/impressum\/","url":"https:\/\/freizeitradar.de\/blog\/impressum\/","name":"Impressum - Freizeitradar Blog","isPartOf":{"@id":"https:\/\/freizeitradar.de\/blog\/#website"},"datePublished":"2023-01-02T15:09:30+00:00","breadcrumb":{"@id":"https:\/\/freizeitradar.de\/blog\/impressum\/#breadcrumb"},"inLanguage":"de","potentialAction":[{"@type":"ReadAction","target":["https:\/\/freizeitradar.de\/blog\/impressum\/"]}]},{"@type":"BreadcrumbList","@id":"https:\/\/freizeitradar.de\/blog\/impressum\/#breadcrumb","itemListElement":[{"@type":"ListItem","position":1,"name":"Startseite","item":"https:\/\/freizeitradar.de\/blog\/"},{"@type":"ListItem","position":2,"name":"Impressum"}]},{"@type":"WebSite","@id":"https:\/\/freizeitradar.de\/blog\/#website","url":"https:\/\/freizeitradar.de\/blog\/","name":"Freizeitradar Blog","description":"","publisher":{"@id":"https:\/\/freizeitradar.de\/blog\/#organization"},"potentialAction":[{"@type":"SearchAction","target":{"@type":"EntryPoint","urlTemplate":"https:\/\/freizeitradar.de\/blog\/?s={search_term_string}"},"query-input":{"@type":"PropertyValueSpecification","valueRequired":true,"valueName":"search_term_string"}}],"inLanguage":"de"},{"@type":"Organization","@id":"https:\/\/freizeitradar.de\/blog\/#organization","name":"Freizeitradar Blog","url":"https:\/\/freizeitradar.de\/blog\/","logo":{"@type":"ImageObject","inLanguage":"de","@id":"https:\/\/freizeitradar.de\/blog\/#\/schema\/logo\/image\/","url":"https:\/\/freizeitradar.de\/blog\/wp-content\/uploads\/2023\/01\/flight-gb8061d846_640.png","contentUrl":"https:\/\/freizeitradar.de\/blog\/wp-content\/uploads\/2023\/01\/flight-gb8061d846_640.png","width":450,"height":640,"caption":"Freizeitradar Blog"},"image":{"@id":"https:\/\/freizeitradar.de\/blog\/#\/schema\/logo\/image\/"}}]}},"_links":{"self":[{"href":"https:\/\/freizeitradar.de\/blog\/wp-json\/wp\/v2\/pages\/7","targetHints":{"allow":["GET"]}}],"collection":[{"href":"https:\/\/freizeitradar.de\/blog\/wp-json\/wp\/v2\/pages"}],"about":[{"href":"https:\/\/freizeitradar.de\/blog\/wp-json\/wp\/v2\/types\/page"}],"author":[{"embeddable":true,"href":"https:\/\/freizeitradar.de\/blog\/wp-json\/wp\/v2\/users\/1"}],"replies":[{"embeddable":true,"href":"https:\/\/freizeitradar.de\/blog\/wp-json\/wp\/v2\/comments?post=7"}],"version-history":[{"count":1,"href":"https:\/\/freizeitradar.de\/blog\/wp-json\/wp\/v2\/pages\/7\/revisions"}],"predecessor-version":[{"id":8,"href":"https:\/\/freizeitradar.de\/blog\/wp-json\/wp\/v2\/pages\/7\/revisions\/8"}],"wp:attachment":[{"href":"https:\/\/freizeitradar.de\/blog\/wp-json\/wp\/v2\/media?parent=7"}],"curies":[{"name":"wp","href":"https:\/\/api.w.org\/{rel}","templated":true}]}}